{"id":29,"date":"2012-03-15T12:02:04","date_gmt":"2012-03-15T12:02:04","guid":{"rendered":"http:\/\/www.zygomatic.com\/groupetds.com\/?page_id=29"},"modified":"2016-02-12T13:10:15","modified_gmt":"2016-02-12T13:10:15","slug":"etamage-acier-aluminium-laiton","status":"publish","type":"page","link":"https:\/\/www.tds-traitement.com\/de\/traitement-des-metaux\/etamage-acier-aluminium-laiton\/","title":{"rendered":"Zinn"},"content":{"rendered":"<p><img loading=\"lazy\" decoding=\"async\" title=\"ETAMAGE 3\" src=\"https:\/\/www.tds-traitement.com\/wp-content\/uploads\/2012\/03\/ETAMAGE-31-165x165.jpg\" alt=\"\" width=\"165\" height=\"165\" \/><img loading=\"lazy\" decoding=\"async\" title=\"ETAMAGE 4\" src=\"https:\/\/www.tds-traitement.com\/wp-content\/uploads\/2012\/03\/ETAMAGE-41-165x165.jpg\" alt=\"\" width=\"165\" height=\"165\" \/><img loading=\"lazy\" decoding=\"async\" title=\"ETAMAGE 2\" src=\"https:\/\/www.tds-traitement.com\/wp-content\/uploads\/2012\/03\/ETAMAGE-22-165x165.jpg\" alt=\"\" width=\"165\" height=\"165\" \/><img loading=\"lazy\" decoding=\"async\" title=\"ETA 5\" src=\"https:\/\/www.tds-traitement.com\/wp-content\/uploads\/2012\/03\/ETA-51-165x165.jpg\" alt=\"\" width=\"165\" height=\"165\" \/><img loading=\"lazy\" decoding=\"async\" title=\"ETAMAGE 1\" src=\"https:\/\/www.tds-traitement.com\/wp-content\/uploads\/2012\/03\/ETAMAGE-12-165x165.jpg\" alt=\"\" width=\"165\" height=\"165\" \/><\/p>\n<p><a title=\"NOUVELLE LIGNE DE TRAITEMENT DERNIERE GENERATION\" href=\"https:\/\/www.tds-traitement.com\/nouvelle-ligne-de-traitement-derniere-generation\"><span style=\"color: #ff0000;\">2015 :\u00a0Eine neue Behandlungslinie der letzten Generation<\/span>\u00a0<\/a><\/p>\n<p>Zinn, unabh\u00e4ngig von der unterliegenden Schicht, hat eine gute L\u00f6tbarkeit, eine gute elektrische Leitf\u00e4higkeit und eine dehnbare und gl\u00e4nzende Schicht. Eine zus\u00e4tzliche Kupferunterschicht bringt\u00a0 noch mehr Glanz, eine bessere Haftung und eine H\u00e4rte, die bis zu 90 Vickers sein kann (was nicht zu verhachten ist, da dieses Metall nach dem Blei das weicheste ist). Ausserdem, da es bleifrei ist, ist es verwendbar f\u00fcr Bauteile die mit Nahrungsmittel in Ber\u00fchrung kommen.<\/p>\n<p><strong>Zwei Prozesse<\/strong><\/p>\n<ul>\n<li>lose im Fass<\/li>\n<li>einzeln aufgeh\u00e4ngt<\/li>\n<\/ul>\n<p>Teile bis 1900mm<\/p>\n<p><strong>Technische Eigenschaften<\/strong><\/p>\n<ul>\n<li>Hohe chemische Haltbarkeit<\/li>\n<li>Nicht giftig<\/li>\n<li>Gute L\u00f6tbarkeit<\/li>\n<li>Guter elektrische Leitf\u00e4higkeit<\/li>\n<li>Dehnbare Schicht<\/li>\n<li>Gl\u00e4nzende Schicht<\/li>\n<\/ul>\n<p><strong>Verwendung<\/strong><\/p>\n<ul>\n<li>Nahrungsmittel-Qualit\u00e4ten, wenn Sn &gt;99,75 % und Pb &lt; 0,2 %<\/li>\n<li>Elektronik und Konnex k\u00f6nnen Gold in bestimmen F\u00e4llen ersetzen<\/li>\n<li>Zweischicht-M\u00f6glichkeiten\n<ul>\n<li>Zinn\/Kupfer (Kupferunterschicht Vorschrift)<\/li>\n<li>Zinn\/Nickel (65-35)<\/li>\n<li>Zinn\/Zink kann in bestimmten F\u00e4llen Kadmium ersetzen<\/li>\n<\/ul>\n<\/li>\n<\/ul>\n<p><strong>Einsetzungbereiche<\/strong><\/p>\n<ul>\n<li>Automobilindustrie<\/li>\n<li>Elektroindustrie<\/li>\n<li>Elektronische Gebietsbereiche<\/li>\n<li>Nahrungsmittel<\/li>\n<li>Luftfahrt<\/li>\n<\/ul>\n","protected":false},"excerpt":{"rendered":"<p>2015 :\u00a0Eine neue Behandlungslinie der letzten Generation\u00a0 Zinn, unabh\u00e4ngig von der unterliegenden Schicht, hat eine gute L\u00f6tbarkeit, eine gute elektrische Leitf\u00e4higkeit und eine dehnbare und gl\u00e4nzende Schicht. Eine zus\u00e4tzliche Kupferunterschicht bringt\u00a0 noch mehr Glanz, eine bessere Haftung und eine H\u00e4rte, die bis zu 90 Vickers sein kann (was nicht zu verhachten ist, da dieses Metall [&hellip;]<\/p>\n","protected":false},"author":1,"featured_media":0,"parent":11,"menu_order":6,"comment_status":"closed","ping_status":"closed","template":"","meta":{"_et_pb_use_builder":"","_et_pb_old_content":"","_et_gb_content_width":"","footnotes":""},"class_list":["post-29","page","type-page","status-publish","hentry"],"yoast_head":"<!-- This site is optimized with the Yoast SEO plugin v24.0 - https:\/\/yoast.com\/wordpress\/plugins\/seo\/ -->\n<title>Zinn - TDS - DE<\/title>\n<meta name=\"robots\" content=\"index, follow, max-snippet:-1, max-image-preview:large, max-video-preview:-1\" \/>\n<link rel=\"canonical\" href=\"https:\/\/www.tds-traitement.com\/de\/traitement-des-metaux\/etamage-acier-aluminium-laiton\/\" \/>\n<meta property=\"og:locale\" content=\"fr_FR\" \/>\n<meta property=\"og:type\" content=\"article\" \/>\n<meta property=\"og:title\" content=\"Zinn - TDS - DE\" \/>\n<meta property=\"og:description\" content=\"2015 :\u00a0Eine neue Behandlungslinie der letzten Generation\u00a0 Zinn, unabh\u00e4ngig von der unterliegenden Schicht, hat eine gute L\u00f6tbarkeit, eine gute elektrische Leitf\u00e4higkeit und eine dehnbare und gl\u00e4nzende Schicht. Eine zus\u00e4tzliche Kupferunterschicht bringt\u00a0 noch mehr Glanz, eine bessere Haftung und eine H\u00e4rte, die bis zu 90 Vickers sein kann (was nicht zu verhachten ist, da dieses Metall [&hellip;]\" \/>\n<meta property=\"og:url\" content=\"https:\/\/www.tds-traitement.com\/de\/traitement-des-metaux\/etamage-acier-aluminium-laiton\/\" \/>\n<meta property=\"og:site_name\" content=\"TDS - DE\" \/>\n<meta property=\"article:modified_time\" content=\"2016-02-12T13:10:15+00:00\" \/>\n<meta property=\"og:image\" content=\"https:\/\/www.tds-traitement.com\/wp-content\/uploads\/2012\/03\/ETAMAGE-31-165x165.jpg\" \/>\n<meta name=\"twitter:label1\" content=\"Dur\u00e9e de lecture estim\u00e9e\" \/>\n\t<meta name=\"twitter:data1\" content=\"1 minute\" \/>\n<script type=\"application\/ld+json\" class=\"yoast-schema-graph\">{\"@context\":\"https:\/\/schema.org\",\"@graph\":[{\"@type\":\"WebPage\",\"@id\":\"https:\/\/www.tds-traitement.com\/de\/traitement-des-metaux\/etamage-acier-aluminium-laiton\/\",\"url\":\"https:\/\/www.tds-traitement.com\/de\/traitement-des-metaux\/etamage-acier-aluminium-laiton\/\",\"name\":\"Zinn - TDS - DE\",\"isPartOf\":{\"@id\":\"https:\/\/www.tds-traitement.com\/de\/#website\"},\"primaryImageOfPage\":{\"@id\":\"https:\/\/www.tds-traitement.com\/de\/traitement-des-metaux\/etamage-acier-aluminium-laiton\/#primaryimage\"},\"image\":{\"@id\":\"https:\/\/www.tds-traitement.com\/de\/traitement-des-metaux\/etamage-acier-aluminium-laiton\/#primaryimage\"},\"thumbnailUrl\":\"https:\/\/www.tds-traitement.com\/wp-content\/uploads\/2012\/03\/ETAMAGE-31-165x165.jpg\",\"datePublished\":\"2012-03-15T12:02:04+00:00\",\"dateModified\":\"2016-02-12T13:10:15+00:00\",\"breadcrumb\":{\"@id\":\"https:\/\/www.tds-traitement.com\/de\/traitement-des-metaux\/etamage-acier-aluminium-laiton\/#breadcrumb\"},\"inLanguage\":\"fr-FR\",\"potentialAction\":[{\"@type\":\"ReadAction\",\"target\":[\"https:\/\/www.tds-traitement.com\/de\/traitement-des-metaux\/etamage-acier-aluminium-laiton\/\"]}]},{\"@type\":\"ImageObject\",\"inLanguage\":\"fr-FR\",\"@id\":\"https:\/\/www.tds-traitement.com\/de\/traitement-des-metaux\/etamage-acier-aluminium-laiton\/#primaryimage\",\"url\":\"https:\/\/www.tds-traitement.com\/wp-content\/uploads\/2012\/03\/ETAMAGE-31-165x165.jpg\",\"contentUrl\":\"https:\/\/www.tds-traitement.com\/wp-content\/uploads\/2012\/03\/ETAMAGE-31-165x165.jpg\"},{\"@type\":\"BreadcrumbList\",\"@id\":\"https:\/\/www.tds-traitement.com\/de\/traitement-des-metaux\/etamage-acier-aluminium-laiton\/#breadcrumb\",\"itemListElement\":[{\"@type\":\"ListItem\",\"position\":1,\"name\":\"Accueil\",\"item\":\"https:\/\/www.tds-traitement.com\/de\/\"},{\"@type\":\"ListItem\",\"position\":2,\"name\":\"Metallbearbeitung\",\"item\":\"https:\/\/www.tds-traitement.com\/de\/traitement-des-metaux\/\"},{\"@type\":\"ListItem\",\"position\":3,\"name\":\"Zinn\"}]},{\"@type\":\"WebSite\",\"@id\":\"https:\/\/www.tds-traitement.com\/de\/#website\",\"url\":\"https:\/\/www.tds-traitement.com\/de\/\",\"name\":\"TDS - DE\",\"description\":\"Metalloberfl\u00e4chenbehandlung\",\"potentialAction\":[{\"@type\":\"SearchAction\",\"target\":{\"@type\":\"EntryPoint\",\"urlTemplate\":\"https:\/\/www.tds-traitement.com\/de\/?s={search_term_string}\"},\"query-input\":{\"@type\":\"PropertyValueSpecification\",\"valueRequired\":true,\"valueName\":\"search_term_string\"}}],\"inLanguage\":\"fr-FR\"}]}<\/script>\n<!-- \/ Yoast SEO plugin. -->","yoast_head_json":{"title":"Zinn - TDS - DE","robots":{"index":"index","follow":"follow","max-snippet":"max-snippet:-1","max-image-preview":"max-image-preview:large","max-video-preview":"max-video-preview:-1"},"canonical":"https:\/\/www.tds-traitement.com\/de\/traitement-des-metaux\/etamage-acier-aluminium-laiton\/","og_locale":"fr_FR","og_type":"article","og_title":"Zinn - TDS - DE","og_description":"2015 :\u00a0Eine neue Behandlungslinie der letzten Generation\u00a0 Zinn, unabh\u00e4ngig von der unterliegenden Schicht, hat eine gute L\u00f6tbarkeit, eine gute elektrische Leitf\u00e4higkeit und eine dehnbare und gl\u00e4nzende Schicht. Eine zus\u00e4tzliche Kupferunterschicht bringt\u00a0 noch mehr Glanz, eine bessere Haftung und eine H\u00e4rte, die bis zu 90 Vickers sein kann (was nicht zu verhachten ist, da dieses Metall [&hellip;]","og_url":"https:\/\/www.tds-traitement.com\/de\/traitement-des-metaux\/etamage-acier-aluminium-laiton\/","og_site_name":"TDS - DE","article_modified_time":"2016-02-12T13:10:15+00:00","og_image":[{"url":"https:\/\/www.tds-traitement.com\/wp-content\/uploads\/2012\/03\/ETAMAGE-31-165x165.jpg","type":"","width":"","height":""}],"twitter_misc":{"Dur\u00e9e de lecture estim\u00e9e":"1 minute"},"schema":{"@context":"https:\/\/schema.org","@graph":[{"@type":"WebPage","@id":"https:\/\/www.tds-traitement.com\/de\/traitement-des-metaux\/etamage-acier-aluminium-laiton\/","url":"https:\/\/www.tds-traitement.com\/de\/traitement-des-metaux\/etamage-acier-aluminium-laiton\/","name":"Zinn - TDS - DE","isPartOf":{"@id":"https:\/\/www.tds-traitement.com\/de\/#website"},"primaryImageOfPage":{"@id":"https:\/\/www.tds-traitement.com\/de\/traitement-des-metaux\/etamage-acier-aluminium-laiton\/#primaryimage"},"image":{"@id":"https:\/\/www.tds-traitement.com\/de\/traitement-des-metaux\/etamage-acier-aluminium-laiton\/#primaryimage"},"thumbnailUrl":"https:\/\/www.tds-traitement.com\/wp-content\/uploads\/2012\/03\/ETAMAGE-31-165x165.jpg","datePublished":"2012-03-15T12:02:04+00:00","dateModified":"2016-02-12T13:10:15+00:00","breadcrumb":{"@id":"https:\/\/www.tds-traitement.com\/de\/traitement-des-metaux\/etamage-acier-aluminium-laiton\/#breadcrumb"},"inLanguage":"fr-FR","potentialAction":[{"@type":"ReadAction","target":["https:\/\/www.tds-traitement.com\/de\/traitement-des-metaux\/etamage-acier-aluminium-laiton\/"]}]},{"@type":"ImageObject","inLanguage":"fr-FR","@id":"https:\/\/www.tds-traitement.com\/de\/traitement-des-metaux\/etamage-acier-aluminium-laiton\/#primaryimage","url":"https:\/\/www.tds-traitement.com\/wp-content\/uploads\/2012\/03\/ETAMAGE-31-165x165.jpg","contentUrl":"https:\/\/www.tds-traitement.com\/wp-content\/uploads\/2012\/03\/ETAMAGE-31-165x165.jpg"},{"@type":"BreadcrumbList","@id":"https:\/\/www.tds-traitement.com\/de\/traitement-des-metaux\/etamage-acier-aluminium-laiton\/#breadcrumb","itemListElement":[{"@type":"ListItem","position":1,"name":"Accueil","item":"https:\/\/www.tds-traitement.com\/de\/"},{"@type":"ListItem","position":2,"name":"Metallbearbeitung","item":"https:\/\/www.tds-traitement.com\/de\/traitement-des-metaux\/"},{"@type":"ListItem","position":3,"name":"Zinn"}]},{"@type":"WebSite","@id":"https:\/\/www.tds-traitement.com\/de\/#website","url":"https:\/\/www.tds-traitement.com\/de\/","name":"TDS - DE","description":"Metalloberfl\u00e4chenbehandlung","potentialAction":[{"@type":"SearchAction","target":{"@type":"EntryPoint","urlTemplate":"https:\/\/www.tds-traitement.com\/de\/?s={search_term_string}"},"query-input":{"@type":"PropertyValueSpecification","valueRequired":true,"valueName":"search_term_string"}}],"inLanguage":"fr-FR"}]}},"_links":{"self":[{"href":"https:\/\/www.tds-traitement.com\/de\/wp-json\/wp\/v2\/pages\/29"}],"collection":[{"href":"https:\/\/www.tds-traitement.com\/de\/wp-json\/wp\/v2\/pages"}],"about":[{"href":"https:\/\/www.tds-traitement.com\/de\/wp-json\/wp\/v2\/types\/page"}],"author":[{"embeddable":true,"href":"https:\/\/www.tds-traitement.com\/de\/wp-json\/wp\/v2\/users\/1"}],"replies":[{"embeddable":true,"href":"https:\/\/www.tds-traitement.com\/de\/wp-json\/wp\/v2\/comments?post=29"}],"version-history":[{"count":1,"href":"https:\/\/www.tds-traitement.com\/de\/wp-json\/wp\/v2\/pages\/29\/revisions"}],"predecessor-version":[{"id":945,"href":"https:\/\/www.tds-traitement.com\/de\/wp-json\/wp\/v2\/pages\/29\/revisions\/945"}],"up":[{"embeddable":true,"href":"https:\/\/www.tds-traitement.com\/de\/wp-json\/wp\/v2\/pages\/11"}],"wp:attachment":[{"href":"https:\/\/www.tds-traitement.com\/de\/wp-json\/wp\/v2\/media?parent=29"}],"curies":[{"name":"wp","href":"https:\/\/api.w.org\/{rel}","templated":true}]}}