{"id":26,"date":"2012-03-15T12:01:50","date_gmt":"2012-03-15T12:01:50","guid":{"rendered":"http:\/\/www.zygomatic.com\/groupetds.com\/?page_id=26"},"modified":"2016-02-12T13:10:27","modified_gmt":"2016-02-12T13:10:27","slug":"cuivrage","status":"publish","type":"page","link":"https:\/\/www.tds-traitement.com\/de\/traitement-des-metaux\/cuivrage\/","title":{"rendered":"Kupferbeschichtungen"},"content":{"rendered":"<p><img loading=\"lazy\" decoding=\"async\" title=\"cuivrage 1 (Copier)\" src=\"https:\/\/www.tds-traitement.com\/wp-content\/uploads\/2012\/03\/cuivrage-1-Copier1-165x165.jpg\" alt=\"\" width=\"165\" height=\"165\" \/><img loading=\"lazy\" decoding=\"async\" title=\"CUIVRE 5 (Copier)\" src=\"https:\/\/www.tds-traitement.com\/wp-content\/uploads\/2012\/03\/CUIVRE-5-Copier-165x165.jpg\" alt=\"\" width=\"165\" height=\"165\" \/><img loading=\"lazy\" decoding=\"async\" title=\"CUIVRE 6\" src=\"https:\/\/www.tds-traitement.com\/wp-content\/uploads\/2012\/03\/CUIVRE-6-165x165.jpg\" alt=\"\" width=\"165\" height=\"165\" \/><img loading=\"lazy\" decoding=\"async\" title=\"CUIVRE 2 (Copier)\" src=\"https:\/\/www.tds-traitement.com\/wp-content\/uploads\/2012\/03\/CUIVRE-2-Copier1-165x165.jpg\" alt=\"\" width=\"165\" height=\"165\" \/><img loading=\"lazy\" decoding=\"async\" title=\"CUIVRE 7 (Copier)\" src=\"https:\/\/www.tds-traitement.com\/wp-content\/uploads\/2012\/03\/CUIVRE-7-Copier-165x165.jpg\" alt=\"\" width=\"165\" height=\"165\" \/><\/p>\n<p><a title=\"NOUVELLE LIGNE DE TRAITEMENT DERNIERE GENERATION\" href=\"https:\/\/www.tds-traitement.com\/nouvelle-ligne-de-traitement-derniere-generation\"><span style=\"color: #ff0000;\">2015: Eine neue Behandlungslinie der letzten Generation<\/span>\u00a0<\/a><\/p>\n<p>Kupferbeschichtungen sind ein guter Stromleiter, ihre Schicht ist verformbar und erm\u00f6glicht dem Teil geschweisst zu werden.<\/p>\n<p>&nbsp;<\/p>\n<p><strong>Zwei Prozesse<\/strong><\/p>\n<ul>\n<li>lose im Fass<\/li>\n<li>einzeln aufgeh\u00e4ngt<\/li>\n<\/ul>\n<p>Teile bis 1900mm<\/p>\n<p>&nbsp;<\/p>\n<p><strong>Technische Eigenschaften<\/strong><\/p>\n<ul>\n<li>Glanz<\/li>\n<li>Gute Schweissbarkeit duch L\u00f6ten<\/li>\n<li>Dehnbar<\/li>\n<li>Bessere Haltbarkeit gegen Verblassung Dank \u00a0des CrVI Prozess<\/li>\n<li>Guter elektrischer Leiter<\/li>\n<\/ul>\n<p><strong>Einsetzungbereiche<\/strong><\/p>\n<ul>\n<li>Automobilindustrie<\/li>\n<li>Elektroindustrie<\/li>\n<li>Elektronische Gebietsbereiche<\/li>\n<li>Nahrungsmittel<\/li>\n<li>Luftfahrt<\/li>\n<\/ul>\n","protected":false},"excerpt":{"rendered":"<p>2015: Eine neue Behandlungslinie der letzten Generation\u00a0 Kupferbeschichtungen sind ein guter Stromleiter, ihre Schicht ist verformbar und erm\u00f6glicht dem Teil geschweisst zu werden. &nbsp; Zwei Prozesse lose im Fass einzeln aufgeh\u00e4ngt Teile bis 1900mm &nbsp; Technische Eigenschaften Glanz Gute Schweissbarkeit duch L\u00f6ten Dehnbar Bessere Haltbarkeit gegen Verblassung Dank \u00a0des CrVI Prozess Guter elektrischer Leiter Einsetzungbereiche [&hellip;]<\/p>\n","protected":false},"author":1,"featured_media":0,"parent":11,"menu_order":5,"comment_status":"closed","ping_status":"closed","template":"","meta":{"_et_pb_use_builder":"","_et_pb_old_content":"","_et_gb_content_width":"","footnotes":""},"class_list":["post-26","page","type-page","status-publish","hentry"],"yoast_head":"<!-- This site is optimized with the Yoast SEO plugin v24.0 - https:\/\/yoast.com\/wordpress\/plugins\/seo\/ -->\n<title>Kupferbeschichtungen - TDS - DE<\/title>\n<meta name=\"robots\" content=\"index, follow, max-snippet:-1, max-image-preview:large, max-video-preview:-1\" \/>\n<link rel=\"canonical\" href=\"https:\/\/www.tds-traitement.com\/de\/traitement-des-metaux\/cuivrage\/\" \/>\n<meta property=\"og:locale\" content=\"fr_FR\" \/>\n<meta property=\"og:type\" content=\"article\" \/>\n<meta property=\"og:title\" content=\"Kupferbeschichtungen - TDS - DE\" \/>\n<meta property=\"og:description\" content=\"2015: Eine neue Behandlungslinie der letzten Generation\u00a0 Kupferbeschichtungen sind ein guter Stromleiter, ihre Schicht ist verformbar und erm\u00f6glicht dem Teil geschweisst zu werden. &nbsp; Zwei Prozesse lose im Fass einzeln aufgeh\u00e4ngt Teile bis 1900mm &nbsp; Technische Eigenschaften Glanz Gute Schweissbarkeit duch L\u00f6ten Dehnbar Bessere Haltbarkeit gegen Verblassung Dank \u00a0des CrVI Prozess Guter elektrischer Leiter Einsetzungbereiche [&hellip;]\" \/>\n<meta property=\"og:url\" content=\"https:\/\/www.tds-traitement.com\/de\/traitement-des-metaux\/cuivrage\/\" \/>\n<meta property=\"og:site_name\" content=\"TDS - DE\" \/>\n<meta property=\"article:modified_time\" content=\"2016-02-12T13:10:27+00:00\" \/>\n<meta property=\"og:image\" content=\"https:\/\/www.tds-traitement.com\/wp-content\/uploads\/2012\/03\/cuivrage-1-Copier1-165x165.jpg\" \/>\n<script type=\"application\/ld+json\" class=\"yoast-schema-graph\">{\"@context\":\"https:\/\/schema.org\",\"@graph\":[{\"@type\":\"WebPage\",\"@id\":\"https:\/\/www.tds-traitement.com\/de\/traitement-des-metaux\/cuivrage\/\",\"url\":\"https:\/\/www.tds-traitement.com\/de\/traitement-des-metaux\/cuivrage\/\",\"name\":\"Kupferbeschichtungen - TDS - DE\",\"isPartOf\":{\"@id\":\"https:\/\/www.tds-traitement.com\/de\/#website\"},\"primaryImageOfPage\":{\"@id\":\"https:\/\/www.tds-traitement.com\/de\/traitement-des-metaux\/cuivrage\/#primaryimage\"},\"image\":{\"@id\":\"https:\/\/www.tds-traitement.com\/de\/traitement-des-metaux\/cuivrage\/#primaryimage\"},\"thumbnailUrl\":\"https:\/\/www.tds-traitement.com\/wp-content\/uploads\/2012\/03\/cuivrage-1-Copier1-165x165.jpg\",\"datePublished\":\"2012-03-15T12:01:50+00:00\",\"dateModified\":\"2016-02-12T13:10:27+00:00\",\"breadcrumb\":{\"@id\":\"https:\/\/www.tds-traitement.com\/de\/traitement-des-metaux\/cuivrage\/#breadcrumb\"},\"inLanguage\":\"fr-FR\",\"potentialAction\":[{\"@type\":\"ReadAction\",\"target\":[\"https:\/\/www.tds-traitement.com\/de\/traitement-des-metaux\/cuivrage\/\"]}]},{\"@type\":\"ImageObject\",\"inLanguage\":\"fr-FR\",\"@id\":\"https:\/\/www.tds-traitement.com\/de\/traitement-des-metaux\/cuivrage\/#primaryimage\",\"url\":\"https:\/\/www.tds-traitement.com\/wp-content\/uploads\/2012\/03\/cuivrage-1-Copier1-165x165.jpg\",\"contentUrl\":\"https:\/\/www.tds-traitement.com\/wp-content\/uploads\/2012\/03\/cuivrage-1-Copier1-165x165.jpg\"},{\"@type\":\"BreadcrumbList\",\"@id\":\"https:\/\/www.tds-traitement.com\/de\/traitement-des-metaux\/cuivrage\/#breadcrumb\",\"itemListElement\":[{\"@type\":\"ListItem\",\"position\":1,\"name\":\"Accueil\",\"item\":\"https:\/\/www.tds-traitement.com\/de\/\"},{\"@type\":\"ListItem\",\"position\":2,\"name\":\"Metallbearbeitung\",\"item\":\"https:\/\/www.tds-traitement.com\/de\/traitement-des-metaux\/\"},{\"@type\":\"ListItem\",\"position\":3,\"name\":\"Kupferbeschichtungen\"}]},{\"@type\":\"WebSite\",\"@id\":\"https:\/\/www.tds-traitement.com\/de\/#website\",\"url\":\"https:\/\/www.tds-traitement.com\/de\/\",\"name\":\"TDS - DE\",\"description\":\"Metalloberfl\u00e4chenbehandlung\",\"potentialAction\":[{\"@type\":\"SearchAction\",\"target\":{\"@type\":\"EntryPoint\",\"urlTemplate\":\"https:\/\/www.tds-traitement.com\/de\/?s={search_term_string}\"},\"query-input\":{\"@type\":\"PropertyValueSpecification\",\"valueRequired\":true,\"valueName\":\"search_term_string\"}}],\"inLanguage\":\"fr-FR\"}]}<\/script>\n<!-- \/ Yoast SEO plugin. -->","yoast_head_json":{"title":"Kupferbeschichtungen - TDS - DE","robots":{"index":"index","follow":"follow","max-snippet":"max-snippet:-1","max-image-preview":"max-image-preview:large","max-video-preview":"max-video-preview:-1"},"canonical":"https:\/\/www.tds-traitement.com\/de\/traitement-des-metaux\/cuivrage\/","og_locale":"fr_FR","og_type":"article","og_title":"Kupferbeschichtungen - TDS - DE","og_description":"2015: Eine neue Behandlungslinie der letzten Generation\u00a0 Kupferbeschichtungen sind ein guter Stromleiter, ihre Schicht ist verformbar und erm\u00f6glicht dem Teil geschweisst zu werden. &nbsp; Zwei Prozesse lose im Fass einzeln aufgeh\u00e4ngt Teile bis 1900mm &nbsp; Technische Eigenschaften Glanz Gute Schweissbarkeit duch L\u00f6ten Dehnbar Bessere Haltbarkeit gegen Verblassung Dank \u00a0des CrVI Prozess Guter elektrischer Leiter Einsetzungbereiche [&hellip;]","og_url":"https:\/\/www.tds-traitement.com\/de\/traitement-des-metaux\/cuivrage\/","og_site_name":"TDS - DE","article_modified_time":"2016-02-12T13:10:27+00:00","og_image":[{"url":"https:\/\/www.tds-traitement.com\/wp-content\/uploads\/2012\/03\/cuivrage-1-Copier1-165x165.jpg","type":"","width":"","height":""}],"schema":{"@context":"https:\/\/schema.org","@graph":[{"@type":"WebPage","@id":"https:\/\/www.tds-traitement.com\/de\/traitement-des-metaux\/cuivrage\/","url":"https:\/\/www.tds-traitement.com\/de\/traitement-des-metaux\/cuivrage\/","name":"Kupferbeschichtungen - TDS - DE","isPartOf":{"@id":"https:\/\/www.tds-traitement.com\/de\/#website"},"primaryImageOfPage":{"@id":"https:\/\/www.tds-traitement.com\/de\/traitement-des-metaux\/cuivrage\/#primaryimage"},"image":{"@id":"https:\/\/www.tds-traitement.com\/de\/traitement-des-metaux\/cuivrage\/#primaryimage"},"thumbnailUrl":"https:\/\/www.tds-traitement.com\/wp-content\/uploads\/2012\/03\/cuivrage-1-Copier1-165x165.jpg","datePublished":"2012-03-15T12:01:50+00:00","dateModified":"2016-02-12T13:10:27+00:00","breadcrumb":{"@id":"https:\/\/www.tds-traitement.com\/de\/traitement-des-metaux\/cuivrage\/#breadcrumb"},"inLanguage":"fr-FR","potentialAction":[{"@type":"ReadAction","target":["https:\/\/www.tds-traitement.com\/de\/traitement-des-metaux\/cuivrage\/"]}]},{"@type":"ImageObject","inLanguage":"fr-FR","@id":"https:\/\/www.tds-traitement.com\/de\/traitement-des-metaux\/cuivrage\/#primaryimage","url":"https:\/\/www.tds-traitement.com\/wp-content\/uploads\/2012\/03\/cuivrage-1-Copier1-165x165.jpg","contentUrl":"https:\/\/www.tds-traitement.com\/wp-content\/uploads\/2012\/03\/cuivrage-1-Copier1-165x165.jpg"},{"@type":"BreadcrumbList","@id":"https:\/\/www.tds-traitement.com\/de\/traitement-des-metaux\/cuivrage\/#breadcrumb","itemListElement":[{"@type":"ListItem","position":1,"name":"Accueil","item":"https:\/\/www.tds-traitement.com\/de\/"},{"@type":"ListItem","position":2,"name":"Metallbearbeitung","item":"https:\/\/www.tds-traitement.com\/de\/traitement-des-metaux\/"},{"@type":"ListItem","position":3,"name":"Kupferbeschichtungen"}]},{"@type":"WebSite","@id":"https:\/\/www.tds-traitement.com\/de\/#website","url":"https:\/\/www.tds-traitement.com\/de\/","name":"TDS - DE","description":"Metalloberfl\u00e4chenbehandlung","potentialAction":[{"@type":"SearchAction","target":{"@type":"EntryPoint","urlTemplate":"https:\/\/www.tds-traitement.com\/de\/?s={search_term_string}"},"query-input":{"@type":"PropertyValueSpecification","valueRequired":true,"valueName":"search_term_string"}}],"inLanguage":"fr-FR"}]}},"_links":{"self":[{"href":"https:\/\/www.tds-traitement.com\/de\/wp-json\/wp\/v2\/pages\/26"}],"collection":[{"href":"https:\/\/www.tds-traitement.com\/de\/wp-json\/wp\/v2\/pages"}],"about":[{"href":"https:\/\/www.tds-traitement.com\/de\/wp-json\/wp\/v2\/types\/page"}],"author":[{"embeddable":true,"href":"https:\/\/www.tds-traitement.com\/de\/wp-json\/wp\/v2\/users\/1"}],"replies":[{"embeddable":true,"href":"https:\/\/www.tds-traitement.com\/de\/wp-json\/wp\/v2\/comments?post=26"}],"version-history":[{"count":1,"href":"https:\/\/www.tds-traitement.com\/de\/wp-json\/wp\/v2\/pages\/26\/revisions"}],"predecessor-version":[{"id":944,"href":"https:\/\/www.tds-traitement.com\/de\/wp-json\/wp\/v2\/pages\/26\/revisions\/944"}],"up":[{"embeddable":true,"href":"https:\/\/www.tds-traitement.com\/de\/wp-json\/wp\/v2\/pages\/11"}],"wp:attachment":[{"href":"https:\/\/www.tds-traitement.com\/de\/wp-json\/wp\/v2\/media?parent=26"}],"curies":[{"name":"wp","href":"https:\/\/api.w.org\/{rel}","templated":true}]}}