{"id":17,"date":"2012-03-15T12:01:12","date_gmt":"2012-03-15T12:01:12","guid":{"rendered":"http:\/\/www.zygomatic.com\/groupetds.com\/?page_id=17"},"modified":"2016-02-12T13:09:22","modified_gmt":"2016-02-12T13:09:22","slug":"nickel-chimique","status":"publish","type":"page","link":"https:\/\/www.tds-traitement.com\/de\/traitement-des-metaux\/nickel-chimique\/","title":{"rendered":"Die chemische Nickelbeschichtung"},"content":{"rendered":"<p><img loading=\"lazy\" decoding=\"async\" title=\"N2\" src=\"https:\/\/www.tds-traitement.com\/wp-content\/uploads\/2012\/03\/N2-165x165.jpg\" alt=\"\" width=\"165\" height=\"165\" \/><img loading=\"lazy\" decoding=\"async\" title=\"N2 2\" src=\"https:\/\/www.tds-traitement.com\/wp-content\/uploads\/2012\/03\/N2-21-165x165.jpg\" alt=\"\" width=\"165\" height=\"165\" \/><img loading=\"lazy\" decoding=\"async\" title=\"N2 1\" src=\"https:\/\/www.tds-traitement.com\/wp-content\/uploads\/2012\/03\/N2-11-165x165.jpg\" alt=\"\" width=\"165\" height=\"165\" \/><img loading=\"lazy\" decoding=\"async\" title=\"N2 3\" src=\"https:\/\/www.tds-traitement.com\/wp-content\/uploads\/2012\/03\/N2-31-165x165.jpg\" alt=\"\" width=\"165\" height=\"165\" \/><img loading=\"lazy\" decoding=\"async\" title=\"N2 TUBE\" src=\"https:\/\/www.tds-traitement.com\/wp-content\/uploads\/2012\/03\/N2-TUBE-165x165.jpg\" alt=\"\" width=\"165\" height=\"165\" \/><\/p>\n<p>Die chemische Nickelbeschichtung (NI\/P) wird haupts\u00e4chlich in der Automobil- und Elektroindustrie verwendet. Sie ist ein guter elektrischer Leiter und Dank ihrer chemischen Abscheidung garantiert sie eine homogene Schicht \u00fcber der gesamten Oberfl\u00e4che des Teils und dies mit einer Pr\u00e4zision von 2 Mikron (im Gegenteil zum elektrolytischen Belag, \u00a0welcher Spitzeneffekte hat).<\/p>\n<p>Dank ihrer H\u00e4rte sch\u00fctzt die chemische Vernickelung das Teil gegen Abnutzung durch Reibung. In der Tat, \u00a0die chemische Vernickelung, welche schon bis 550 Vickers am Ende der Behandlung erreicht, kann nach weitere thermischer Behandlung bis zu 1000 Vickers erreichen und wird so dem Chrom gleichgestellt.<\/p>\n<p>Die Haftf\u00e4higkeit der chemischen Vernickelung ist besser als die von einer elektrolytischen Abscheidung und ihr Glanz ist vergleichbar mit dem vom Chrom. Sie wird in anderen Bereichen angewandt, wie zum Beispiel im Medizin-oder Luftfahrtbereich.<\/p>\n<p><strong>Zwei Prozesse<\/strong><\/p>\n<ul>\n<li>lose im Fass<\/li>\n<li>einzeln aufgeh\u00e4ngt<\/li>\n<li>Teile bis 1900 mm<\/li>\n<\/ul>\n<p><strong>Technische Eigenschaften<\/strong><\/p>\n<ul>\n<li>Glanz<\/li>\n<li>gute Haftf\u00e4higkeit<\/li>\n<li>guter Abreibungskoeffizient<\/li>\n<li>Gleichm\u00e4ssiger Schutz, homogener Belag auf der Fl\u00e4che des Teils (kein Spitzeneffekt)<\/li>\n<li>Genauigkeit der Masse, was Nacharbeit vermeidet. Die Dicke des Belags kann bis zu 2 Mikron gew\u00e4hrleistet werden.<\/li>\n<li>H\u00e4rte bis 1000 Vickers Dank einer thermischen Nachbehandlung der Schicht.<\/li>\n<li>Schichtdicke bis 100 Mikron und mehr<\/li>\n<\/ul>\n<p>&nbsp;<\/p>\n<p><strong>Einsetzungbereiche<\/strong><\/p>\n<ul>\n<li>Automobilindustrie<\/li>\n<li>Elektroindustrie<\/li>\n<li>Elektronische Gebietsbereiche<\/li>\n<li>Luftfahrt<\/li>\n<\/ul>\n<p><span style=\"text-decoration: underline;\">Thermischer Behandlungsvorgang im Ofen<\/span><\/p>\n","protected":false},"excerpt":{"rendered":"<p>Die chemische Nickelbeschichtung (NI\/P) wird haupts\u00e4chlich in der Automobil- und Elektroindustrie verwendet. Sie ist ein guter elektrischer Leiter und Dank ihrer chemischen Abscheidung garantiert sie eine homogene Schicht \u00fcber der gesamten Oberfl\u00e4che des Teils und dies mit einer Pr\u00e4zision von 2 Mikron (im Gegenteil zum elektrolytischen Belag, \u00a0welcher Spitzeneffekte hat). Dank ihrer H\u00e4rte sch\u00fctzt die [&hellip;]<\/p>\n","protected":false},"author":1,"featured_media":0,"parent":11,"menu_order":2,"comment_status":"closed","ping_status":"closed","template":"","meta":{"_et_pb_use_builder":"","_et_pb_old_content":"","_et_gb_content_width":"","footnotes":""},"class_list":["post-17","page","type-page","status-publish","hentry"],"yoast_head":"<!-- This site is optimized with the Yoast SEO plugin v24.0 - https:\/\/yoast.com\/wordpress\/plugins\/seo\/ -->\n<title>Die chemische Nickelbeschichtung - TDS - DE<\/title>\n<meta name=\"robots\" content=\"index, follow, max-snippet:-1, max-image-preview:large, max-video-preview:-1\" \/>\n<link rel=\"canonical\" href=\"https:\/\/www.tds-traitement.com\/de\/traitement-des-metaux\/nickel-chimique\/\" \/>\n<meta property=\"og:locale\" content=\"fr_FR\" \/>\n<meta property=\"og:type\" content=\"article\" \/>\n<meta property=\"og:title\" content=\"Die chemische Nickelbeschichtung - TDS - DE\" \/>\n<meta property=\"og:description\" content=\"Die chemische Nickelbeschichtung (NI\/P) wird haupts\u00e4chlich in der Automobil- und Elektroindustrie verwendet. Sie ist ein guter elektrischer Leiter und Dank ihrer chemischen Abscheidung garantiert sie eine homogene Schicht \u00fcber der gesamten Oberfl\u00e4che des Teils und dies mit einer Pr\u00e4zision von 2 Mikron (im Gegenteil zum elektrolytischen Belag, \u00a0welcher Spitzeneffekte hat). Dank ihrer H\u00e4rte sch\u00fctzt die [&hellip;]\" \/>\n<meta property=\"og:url\" content=\"https:\/\/www.tds-traitement.com\/de\/traitement-des-metaux\/nickel-chimique\/\" \/>\n<meta property=\"og:site_name\" content=\"TDS - DE\" \/>\n<meta property=\"article:modified_time\" content=\"2016-02-12T13:09:22+00:00\" \/>\n<meta property=\"og:image\" content=\"https:\/\/www.tds-traitement.com\/wp-content\/uploads\/2012\/03\/N2-165x165.jpg\" \/>\n<meta name=\"twitter:label1\" content=\"Dur\u00e9e de lecture estim\u00e9e\" \/>\n\t<meta name=\"twitter:data1\" content=\"1 minute\" \/>\n<script type=\"application\/ld+json\" class=\"yoast-schema-graph\">{\"@context\":\"https:\/\/schema.org\",\"@graph\":[{\"@type\":\"WebPage\",\"@id\":\"https:\/\/www.tds-traitement.com\/de\/traitement-des-metaux\/nickel-chimique\/\",\"url\":\"https:\/\/www.tds-traitement.com\/de\/traitement-des-metaux\/nickel-chimique\/\",\"name\":\"Die chemische Nickelbeschichtung - TDS - DE\",\"isPartOf\":{\"@id\":\"https:\/\/www.tds-traitement.com\/de\/#website\"},\"primaryImageOfPage\":{\"@id\":\"https:\/\/www.tds-traitement.com\/de\/traitement-des-metaux\/nickel-chimique\/#primaryimage\"},\"image\":{\"@id\":\"https:\/\/www.tds-traitement.com\/de\/traitement-des-metaux\/nickel-chimique\/#primaryimage\"},\"thumbnailUrl\":\"https:\/\/www.tds-traitement.com\/wp-content\/uploads\/2012\/03\/N2-165x165.jpg\",\"datePublished\":\"2012-03-15T12:01:12+00:00\",\"dateModified\":\"2016-02-12T13:09:22+00:00\",\"breadcrumb\":{\"@id\":\"https:\/\/www.tds-traitement.com\/de\/traitement-des-metaux\/nickel-chimique\/#breadcrumb\"},\"inLanguage\":\"fr-FR\",\"potentialAction\":[{\"@type\":\"ReadAction\",\"target\":[\"https:\/\/www.tds-traitement.com\/de\/traitement-des-metaux\/nickel-chimique\/\"]}]},{\"@type\":\"ImageObject\",\"inLanguage\":\"fr-FR\",\"@id\":\"https:\/\/www.tds-traitement.com\/de\/traitement-des-metaux\/nickel-chimique\/#primaryimage\",\"url\":\"https:\/\/www.tds-traitement.com\/wp-content\/uploads\/2012\/03\/N2-165x165.jpg\",\"contentUrl\":\"https:\/\/www.tds-traitement.com\/wp-content\/uploads\/2012\/03\/N2-165x165.jpg\"},{\"@type\":\"BreadcrumbList\",\"@id\":\"https:\/\/www.tds-traitement.com\/de\/traitement-des-metaux\/nickel-chimique\/#breadcrumb\",\"itemListElement\":[{\"@type\":\"ListItem\",\"position\":1,\"name\":\"Accueil\",\"item\":\"https:\/\/www.tds-traitement.com\/de\/\"},{\"@type\":\"ListItem\",\"position\":2,\"name\":\"Metallbearbeitung\",\"item\":\"https:\/\/www.tds-traitement.com\/de\/traitement-des-metaux\/\"},{\"@type\":\"ListItem\",\"position\":3,\"name\":\"Die chemische Nickelbeschichtung\"}]},{\"@type\":\"WebSite\",\"@id\":\"https:\/\/www.tds-traitement.com\/de\/#website\",\"url\":\"https:\/\/www.tds-traitement.com\/de\/\",\"name\":\"TDS - DE\",\"description\":\"Metalloberfl\u00e4chenbehandlung\",\"potentialAction\":[{\"@type\":\"SearchAction\",\"target\":{\"@type\":\"EntryPoint\",\"urlTemplate\":\"https:\/\/www.tds-traitement.com\/de\/?s={search_term_string}\"},\"query-input\":{\"@type\":\"PropertyValueSpecification\",\"valueRequired\":true,\"valueName\":\"search_term_string\"}}],\"inLanguage\":\"fr-FR\"}]}<\/script>\n<!-- \/ Yoast SEO plugin. -->","yoast_head_json":{"title":"Die chemische Nickelbeschichtung - TDS - DE","robots":{"index":"index","follow":"follow","max-snippet":"max-snippet:-1","max-image-preview":"max-image-preview:large","max-video-preview":"max-video-preview:-1"},"canonical":"https:\/\/www.tds-traitement.com\/de\/traitement-des-metaux\/nickel-chimique\/","og_locale":"fr_FR","og_type":"article","og_title":"Die chemische Nickelbeschichtung - TDS - DE","og_description":"Die chemische Nickelbeschichtung (NI\/P) wird haupts\u00e4chlich in der Automobil- und Elektroindustrie verwendet. Sie ist ein guter elektrischer Leiter und Dank ihrer chemischen Abscheidung garantiert sie eine homogene Schicht \u00fcber der gesamten Oberfl\u00e4che des Teils und dies mit einer Pr\u00e4zision von 2 Mikron (im Gegenteil zum elektrolytischen Belag, \u00a0welcher Spitzeneffekte hat). Dank ihrer H\u00e4rte sch\u00fctzt die [&hellip;]","og_url":"https:\/\/www.tds-traitement.com\/de\/traitement-des-metaux\/nickel-chimique\/","og_site_name":"TDS - DE","article_modified_time":"2016-02-12T13:09:22+00:00","og_image":[{"url":"https:\/\/www.tds-traitement.com\/wp-content\/uploads\/2012\/03\/N2-165x165.jpg","type":"","width":"","height":""}],"twitter_misc":{"Dur\u00e9e de lecture estim\u00e9e":"1 minute"},"schema":{"@context":"https:\/\/schema.org","@graph":[{"@type":"WebPage","@id":"https:\/\/www.tds-traitement.com\/de\/traitement-des-metaux\/nickel-chimique\/","url":"https:\/\/www.tds-traitement.com\/de\/traitement-des-metaux\/nickel-chimique\/","name":"Die chemische Nickelbeschichtung - TDS - DE","isPartOf":{"@id":"https:\/\/www.tds-traitement.com\/de\/#website"},"primaryImageOfPage":{"@id":"https:\/\/www.tds-traitement.com\/de\/traitement-des-metaux\/nickel-chimique\/#primaryimage"},"image":{"@id":"https:\/\/www.tds-traitement.com\/de\/traitement-des-metaux\/nickel-chimique\/#primaryimage"},"thumbnailUrl":"https:\/\/www.tds-traitement.com\/wp-content\/uploads\/2012\/03\/N2-165x165.jpg","datePublished":"2012-03-15T12:01:12+00:00","dateModified":"2016-02-12T13:09:22+00:00","breadcrumb":{"@id":"https:\/\/www.tds-traitement.com\/de\/traitement-des-metaux\/nickel-chimique\/#breadcrumb"},"inLanguage":"fr-FR","potentialAction":[{"@type":"ReadAction","target":["https:\/\/www.tds-traitement.com\/de\/traitement-des-metaux\/nickel-chimique\/"]}]},{"@type":"ImageObject","inLanguage":"fr-FR","@id":"https:\/\/www.tds-traitement.com\/de\/traitement-des-metaux\/nickel-chimique\/#primaryimage","url":"https:\/\/www.tds-traitement.com\/wp-content\/uploads\/2012\/03\/N2-165x165.jpg","contentUrl":"https:\/\/www.tds-traitement.com\/wp-content\/uploads\/2012\/03\/N2-165x165.jpg"},{"@type":"BreadcrumbList","@id":"https:\/\/www.tds-traitement.com\/de\/traitement-des-metaux\/nickel-chimique\/#breadcrumb","itemListElement":[{"@type":"ListItem","position":1,"name":"Accueil","item":"https:\/\/www.tds-traitement.com\/de\/"},{"@type":"ListItem","position":2,"name":"Metallbearbeitung","item":"https:\/\/www.tds-traitement.com\/de\/traitement-des-metaux\/"},{"@type":"ListItem","position":3,"name":"Die chemische Nickelbeschichtung"}]},{"@type":"WebSite","@id":"https:\/\/www.tds-traitement.com\/de\/#website","url":"https:\/\/www.tds-traitement.com\/de\/","name":"TDS - DE","description":"Metalloberfl\u00e4chenbehandlung","potentialAction":[{"@type":"SearchAction","target":{"@type":"EntryPoint","urlTemplate":"https:\/\/www.tds-traitement.com\/de\/?s={search_term_string}"},"query-input":{"@type":"PropertyValueSpecification","valueRequired":true,"valueName":"search_term_string"}}],"inLanguage":"fr-FR"}]}},"_links":{"self":[{"href":"https:\/\/www.tds-traitement.com\/de\/wp-json\/wp\/v2\/pages\/17"}],"collection":[{"href":"https:\/\/www.tds-traitement.com\/de\/wp-json\/wp\/v2\/pages"}],"about":[{"href":"https:\/\/www.tds-traitement.com\/de\/wp-json\/wp\/v2\/types\/page"}],"author":[{"embeddable":true,"href":"https:\/\/www.tds-traitement.com\/de\/wp-json\/wp\/v2\/users\/1"}],"replies":[{"embeddable":true,"href":"https:\/\/www.tds-traitement.com\/de\/wp-json\/wp\/v2\/comments?post=17"}],"version-history":[{"count":1,"href":"https:\/\/www.tds-traitement.com\/de\/wp-json\/wp\/v2\/pages\/17\/revisions"}],"predecessor-version":[{"id":943,"href":"https:\/\/www.tds-traitement.com\/de\/wp-json\/wp\/v2\/pages\/17\/revisions\/943"}],"up":[{"embeddable":true,"href":"https:\/\/www.tds-traitement.com\/de\/wp-json\/wp\/v2\/pages\/11"}],"wp:attachment":[{"href":"https:\/\/www.tds-traitement.com\/de\/wp-json\/wp\/v2\/media?parent=17"}],"curies":[{"name":"wp","href":"https:\/\/api.w.org\/{rel}","templated":true}]}}